{"id":13559,"date":"2022-07-28T09:21:34","date_gmt":"2022-07-28T09:21:34","guid":{"rendered":"https:\/\/renturia.e6318.servidornet.com\/taxacions\/"},"modified":"2023-06-20T11:23:31","modified_gmt":"2023-06-20T11:23:31","slug":"taxacions","status":"publish","type":"page","link":"https:\/\/renturia.com\/ca\/taxacions\/","title":{"rendered":"Taxacions"},"content":{"rendered":"\t\t<div data-elementor-type=\"wp-page\" data-elementor-id=\"13559\" class=\"elementor elementor-13559 elementor-6424\" data-elementor-post-type=\"page\">\n\t\t\t\t\t\t<section class=\"elementor-section elementor-top-section elementor-element elementor-element-df3eb39 elementor-section-content-middle elementor-section-full_width elementor-section-height-default elementor-section-height-default\" data-id=\"df3eb39\" data-element_type=\"section\" data-e-type=\"section\">\n\t\t\t\t\t\t<div class=\"elementor-container elementor-column-gap-narrow\">\n\t\t\t\t\t<div class=\"elementor-column elementor-col-33 elementor-top-column elementor-element elementor-element-3a2a5bef\" data-id=\"3a2a5bef\" data-element_type=\"column\" data-e-type=\"column\">\n\t\t\t<div class=\"elementor-widget-wrap elementor-element-populated\">\n\t\t\t\t\t\t<div class=\"elementor-element elementor-element-2af7e1ef elementor-widget elementor-widget-image\" data-id=\"2af7e1ef\" data-element_type=\"widget\" data-e-type=\"widget\" data-widget_type=\"image.default\">\n\t\t\t\t<div class=\"elementor-widget-container\">\n\t\t\t\t\t\t\t\t\t\t\t\t\t\t\t<img fetchpriority=\"high\" decoding=\"async\" width=\"800\" height=\"532\" src=\"https:\/\/renturia.com\/wp-content\/uploads\/2022\/07\/tasaciones-oficiales-1.jpg\" class=\"attachment-full size-full wp-image-12119\" alt=\"\" srcset=\"https:\/\/renturia.com\/wp-content\/uploads\/2022\/07\/tasaciones-oficiales-1.jpg 800w, https:\/\/renturia.com\/wp-content\/uploads\/2022\/07\/tasaciones-oficiales-1-300x200.jpg 300w, https:\/\/renturia.com\/wp-content\/uploads\/2022\/07\/tasaciones-oficiales-1-768x511.jpg 768w, https:\/\/renturia.com\/wp-content\/uploads\/2022\/07\/tasaciones-oficiales-1-150x100.jpg 150w, https:\/\/renturia.com\/wp-content\/uploads\/2022\/07\/tasaciones-oficiales-1-488x326.jpg 488w\" sizes=\"(max-width: 800px) 100vw, 800px\" \/>\t\t\t\t\t\t\t\t\t\t\t\t\t\t\t<\/div>\n\t\t\t\t<\/div>\n\t\t\t\t\t<\/div>\n\t\t<\/div>\n\t\t\t\t<div class=\"elementor-column elementor-col-66 elementor-top-column elementor-element elementor-element-1bde684\" data-id=\"1bde684\" data-element_type=\"column\" data-e-type=\"column\">\n\t\t\t<div class=\"elementor-widget-wrap elementor-element-populated\">\n\t\t\t\t\t\t<div class=\"elementor-element elementor-element-3328c91e elementor-widget elementor-widget-text-editor\" data-id=\"3328c91e\" data-element_type=\"widget\" data-e-type=\"widget\" data-widget_type=\"text-editor.default\">\n\t\t\t\t<div class=\"elementor-widget-container\">\n\t\t\t\t\t\t\t\t\t<p>Oferim Taxacions Oficials de Societat de Taxaci\u00f3 homologada pel Banc d\u2019Espanya, amb finalitat valoraci\u00f3 de mercat, gratu\u00eftament si comercialitzem l\u00b4immoble en venda. Sense comercialisaci\u00f3 solicita informaci\u00f3 tradu\u00eft.<\/p>\t\t\t\t\t\t\t\t<\/div>\n\t\t\t\t<\/div>\n\t\t\t\t<div class=\"elementor-element elementor-element-119aff9f elementor-widget elementor-widget-heading\" data-id=\"119aff9f\" data-element_type=\"widget\" data-e-type=\"widget\" data-widget_type=\"heading.default\">\n\t\t\t\t<div class=\"elementor-widget-container\">\n\t\t\t\t\t<h2 class=\"elementor-heading-title elementor-size-xl\">Contacta\u2019ns omplint el seg\u00fcent formulari<\/h2>\t\t\t\t<\/div>\n\t\t\t\t<\/div>\n\t\t\t\t\t<\/div>\n\t\t<\/div>\n\t\t\t\t\t<\/div>\n\t\t<\/section>\n\t\t\t\t<section class=\"elementor-section elementor-top-section elementor-element elementor-element-0203bb4 elementor-section-full_width elementor-section-height-default elementor-section-height-default\" data-id=\"0203bb4\" data-element_type=\"section\" data-e-type=\"section\" data-settings=\"{&quot;background_background&quot;:&quot;classic&quot;}\">\n\t\t\t\t\t\t<div class=\"elementor-container elementor-column-gap-default\">\n\t\t\t\t\t<div class=\"elementor-column elementor-col-100 elementor-top-column elementor-element elementor-element-1486811\" data-id=\"1486811\" data-element_type=\"column\" data-e-type=\"column\">\n\t\t\t<div class=\"elementor-widget-wrap elementor-element-populated\">\n\t\t\t\t\t\t<div class=\"elementor-element elementor-element-c2f5cfc elementor-widget elementor-widget-text-editor\" data-id=\"c2f5cfc\" data-element_type=\"widget\" data-e-type=\"widget\" data-widget_type=\"text-editor.default\">\n\t\t\t\t<div class=\"elementor-widget-container\">\n\t\t\t\t\t\t\t\t\t<p style=\"text-align: center; margin-bottom:0\">TAXACIONS OFICIALS PER 150\u20ac + IVA sense comercialitzaci\u00f3.<\/p>\n\t\t\t\t\t\t\t\t<\/div>\n\t\t\t\t<\/div>\n\t\t\t\t\t<\/div>\n\t\t<\/div>\n\t\t\t\t\t<\/div>\n\t\t<\/section>\n\t\t\t\t<section class=\"elementor-section elementor-top-section elementor-element elementor-element-3483a610 piesombra elementor-section-boxed elementor-section-height-default elementor-section-height-default\" data-id=\"3483a610\" data-element_type=\"section\" data-e-type=\"section\" data-settings=\"{&quot;background_background&quot;:&quot;classic&quot;}\">\n\t\t\t\t\t\t<div class=\"elementor-container elementor-column-gap-wide\">\n\t\t\t\t\t<div class=\"elementor-column elementor-col-100 elementor-top-column elementor-element elementor-element-cfd3619\" data-id=\"cfd3619\" data-element_type=\"column\" data-e-type=\"column\">\n\t\t\t<div class=\"elementor-widget-wrap elementor-element-populated\">\n\t\t\t\t\t\t<div class=\"elementor-element elementor-element-6c3b28c6 elementor-button-align-center elementor-widget elementor-widget-form\" data-id=\"6c3b28c6\" data-element_type=\"widget\" data-e-type=\"widget\" data-settings=\"{&quot;step_next_label&quot;:&quot;Seg\\u00fcent&quot;,&quot;step_previous_label&quot;:&quot;Anterior&quot;,&quot;button_width&quot;:&quot;100&quot;,&quot;step_type&quot;:&quot;number_text&quot;,&quot;step_icon_shape&quot;:&quot;circle&quot;}\" data-widget_type=\"form.default\">\n\t\t\t\t<div class=\"elementor-widget-container\">\n\t\t\t\t\t\t\t<form class=\"elementor-form\" method=\"post\" name=\"nou formulari\" aria-label=\"nou formulari\">\n\t\t\t<input type=\"hidden\" name=\"post_id\" value=\"13559\"\/>\n\t\t\t<input type=\"hidden\" name=\"form_id\" value=\"6c3b28c6\"\/>\n\t\t\t<input type=\"hidden\" name=\"referer_title\" value=\"Taxacions - Renturia\" \/>\n\n\t\t\t\t\t\t\t<input type=\"hidden\" name=\"queried_id\" value=\"13559\"\/>\n\t\t\t\n\t\t\t<div class=\"elementor-form-fields-wrapper elementor-labels-above\">\n\t\t\t\t\t\t\t\t<div class=\"elementor-field-type-text elementor-field-group elementor-column elementor-field-group-field_b531bb5 elementor-col-33 elementor-field-required elementor-mark-required\">\n\t\t\t\t\t\t\t\t\t\t\t\t\t<input size=\"1\" type=\"text\" name=\"form_fields[field_b531bb5]\" id=\"form-field-field_b531bb5\" class=\"elementor-field elementor-size-sm  elementor-field-textual\" placeholder=\"Carrer\/Plaza\/*Avenida *\" required=\"required\">\n\t\t\t\t\t\t\t\t\t\t\t<\/div>\n\t\t\t\t\t\t\t\t<div class=\"elementor-field-type-text elementor-field-group elementor-column elementor-field-group-field_14dfc49 elementor-col-33\">\n\t\t\t\t\t\t\t\t\t\t\t\t\t<input size=\"1\" type=\"text\" name=\"form_fields[field_14dfc49]\" id=\"form-field-field_14dfc49\" class=\"elementor-field elementor-size-sm  elementor-field-textual\" placeholder=\"N\u00famero *\">\n\t\t\t\t\t\t\t\t\t\t\t<\/div>\n\t\t\t\t\t\t\t\t<div class=\"elementor-field-type-text elementor-field-group elementor-column elementor-field-group-field_bb8db88 elementor-col-33\">\n\t\t\t\t\t\t\t\t\t\t\t\t\t<input size=\"1\" type=\"text\" name=\"form_fields[field_bb8db88]\" id=\"form-field-field_bb8db88\" class=\"elementor-field elementor-size-sm  elementor-field-textual\" placeholder=\"Porta *\">\n\t\t\t\t\t\t\t\t\t\t\t<\/div>\n\t\t\t\t\t\t\t\t<div class=\"elementor-field-type-text elementor-field-group elementor-column elementor-field-group-field_6c81bc8 elementor-col-33 elementor-field-required elementor-mark-required\">\n\t\t\t\t\t\t\t\t\t\t\t\t\t<input size=\"1\" type=\"text\" name=\"form_fields[field_6c81bc8]\" id=\"form-field-field_6c81bc8\" class=\"elementor-field elementor-size-sm  elementor-field-textual\" placeholder=\"Localitat *\" required=\"required\">\n\t\t\t\t\t\t\t\t\t\t\t<\/div>\n\t\t\t\t\t\t\t\t<div class=\"elementor-field-type-text elementor-field-group elementor-column elementor-field-group-field_48b35d9 elementor-col-33\">\n\t\t\t\t\t\t\t\t\t\t\t\t\t<input size=\"1\" type=\"text\" name=\"form_fields[field_48b35d9]\" id=\"form-field-field_48b35d9\" class=\"elementor-field elementor-size-sm  elementor-field-textual\" placeholder=\"N\u00fam. Refer\u00e8ncia Cadastral\">\n\t\t\t\t\t\t\t\t\t\t\t<\/div>\n\t\t\t\t\t\t\t\t<div class=\"elementor-field-type-text elementor-field-group elementor-column elementor-field-group-field_0f3c5d9 elementor-col-33\">\n\t\t\t\t\t\t\t\t\t\t\t\t\t<input size=\"1\" type=\"text\" name=\"form_fields[field_0f3c5d9]\" id=\"form-field-field_0f3c5d9\" class=\"elementor-field elementor-size-sm  elementor-field-textual\" placeholder=\"N\u00fam. Finca Registral\">\n\t\t\t\t\t\t\t\t\t\t\t<\/div>\n\t\t\t\t\t\t\t\t<div class=\"elementor-field-type-text elementor-field-group elementor-column elementor-field-group-name elementor-col-50 elementor-field-required elementor-mark-required\">\n\t\t\t\t\t\t\t\t\t\t\t\t\t<input size=\"1\" type=\"text\" name=\"form_fields[name]\" id=\"form-field-name\" class=\"elementor-field elementor-size-sm  elementor-field-textual\" placeholder=\"Nom complet *\" required=\"required\">\n\t\t\t\t\t\t\t\t\t\t\t<\/div>\n\t\t\t\t\t\t\t\t<div class=\"elementor-field-type-text elementor-field-group elementor-column elementor-field-group-field_8d1b8e4 elementor-col-50\">\n\t\t\t\t\t\t\t\t\t\t\t\t\t<input size=\"1\" type=\"text\" name=\"form_fields[field_8d1b8e4]\" id=\"form-field-field_8d1b8e4\" class=\"elementor-field elementor-size-sm  elementor-field-textual\" placeholder=\"DNI\">\n\t\t\t\t\t\t\t\t\t\t\t<\/div>\n\t\t\t\t\t\t\t\t<div class=\"elementor-field-type-tel elementor-field-group elementor-column elementor-field-group-field_2f00d25 elementor-col-50\">\n\t\t\t\t\t\t\t<input size=\"1\" type=\"tel\" name=\"form_fields[field_2f00d25]\" id=\"form-field-field_2f00d25\" class=\"elementor-field elementor-size-sm  elementor-field-textual\" placeholder=\"Tel\u00e8fon\" pattern=\"[0-9()#&amp;+*-=.]+\" title=\"Only numbers and phone characters (#, -, *, etc) are accepted.\">\n\n\t\t\t\t\t\t<\/div>\n\t\t\t\t\t\t\t\t<div class=\"elementor-field-type-email elementor-field-group elementor-column elementor-field-group-email elementor-col-50 elementor-field-required elementor-mark-required\">\n\t\t\t\t\t\t\t\t\t\t\t\t\t<input size=\"1\" type=\"email\" name=\"form_fields[email]\" id=\"form-field-email\" class=\"elementor-field elementor-size-sm  elementor-field-textual\" placeholder=\"Email *\" required=\"required\">\n\t\t\t\t\t\t\t\t\t\t\t<\/div>\n\t\t\t\t\t\t\t\t<div class=\"elementor-field-type-textarea elementor-field-group elementor-column elementor-field-group-message elementor-col-100\">\n\t\t\t\t\t<textarea class=\"elementor-field-textual elementor-field  elementor-size-sm\" name=\"form_fields[message]\" id=\"form-field-message\" rows=\"4\" placeholder=\"Missatge\"><\/textarea>\t\t\t\t<\/div>\n\t\t\t\t\t\t\t\t<div class=\"elementor-field-type-acceptance elementor-field-group elementor-column elementor-field-group-field_98f9ede elementor-col-100 elementor-field-required elementor-mark-required\">\n\t\t\t\t\t\t\t<div class=\"elementor-field-subgroup\">\n\t\t\t<span class=\"elementor-field-option\">\n\t\t\t\t<input type=\"checkbox\" name=\"form_fields[field_98f9ede]\" id=\"form-field-field_98f9ede\" class=\"elementor-field elementor-size-sm  elementor-acceptance-field\" required=\"required\">\n\t\t\t\t<label for=\"form-field-field_98f9ede\">En usar este formulari accedixes a l\u2019emmagatzematge i gesti\u00f3 de les teues dades per part d\u2019esta web.<\/label>\t\t\t<\/span>\n\t\t<\/div>\n\t\t\t\t\t\t<\/div>\n\t\t\t\t\t\t\t\t<div class=\"elementor-field-type-html elementor-field-group elementor-column elementor-field-group-field_eeb689e elementor-col-100\">\n\t\t\t\t\t\n          <p>El contingut del present missatge \u00e9s privat, confidencial i exclusiu per al seu destinatari, i pot contenir informaci\u00f3 protegida per normes legals i de secret professional. Baix cap circumst\u00e0ncia el seu contingut pot ser transm\u00e8s o revelat a tercers, ni divulgat de cap manera, sense pr\u00e8via autoritzaci\u00f3 expressa. En conseq\u00fc\u00e8ncia, si l'heu rebut per error, vos demanem que contacteu amb el remitent i elimineu este missatge dels vostres fitxers. Responsable: RENTURIA SOLUCIONS IMMOBILI\u00c0RIES. Adre\u00e7a Postal: Carrer Peu de la Creu 7 \u2013 20, CP 46001 de Val\u00e8ncia. Tel\u00e8fon: (+34) 622 621 600 Correu electr\u00f2nic: info@enturia.com.\nEn nom de l'empresa tractem la informaci\u00f3 que ens facilita per tal de prestar-vos el servici sol\u00b7licitat. Les dades proporcionades es conservaran mentre es mantinga la relaci\u00f3 comercial o durant els anys necessaris per complir les obligacions legals. Les dades no se cediran a tercers excepte en els casos en qu\u00e8 hi haja una obligaci\u00f3 legal.<\/p>\n          \n\n          <p>Podeu exercir els drets d'acc\u00e9s, rectificaci\u00f3, supressi\u00f3, oposici\u00f3, portabilitat i limitaci\u00f3 al tractament, en qualsevol moment, mitjan\u00e7ant escrit, acompanyat de c\u00f2pia de document oficial que vos identifique, dirigit al responsable de tractament de dades a l'adre\u00e7a anteriorment esmentada.<\/p>\n        \t\t\t\t<\/div>\n\t\t\t\t\t\t\t\t<div class=\"elementor-field-group elementor-column elementor-field-type-submit elementor-col-100 e-form__buttons\">\n\t\t\t\t\t<button class=\"elementor-button elementor-size-sm\" type=\"submit\">\n\t\t\t\t\t\t<span class=\"elementor-button-content-wrapper\">\n\t\t\t\t\t\t\t\t\t\t\t\t\t\t\t\t\t\t\t\t\t\t<span class=\"elementor-button-text\">ENVIAR<\/span>\n\t\t\t\t\t\t\t\t\t\t\t\t\t<\/span>\n\t\t\t\t\t<\/button>\n\t\t\t\t<\/div>\n\t\t\t<\/div>\n\t\t<\/form>\n\t\t\t\t\t\t<\/div>\n\t\t\t\t<\/div>\n\t\t\t\t\t<\/div>\n\t\t<\/div>\n\t\t\t\t\t<\/div>\n\t\t<\/section>\n\t\t\t\t<section class=\"elementor-section elementor-top-section elementor-element elementor-element-49a0f9dc elementor-section-full_width elementor-section-stretched elementor-section-height-default elementor-section-height-default\" data-id=\"49a0f9dc\" data-element_type=\"section\" data-e-type=\"section\" data-settings=\"{&quot;stretch_section&quot;:&quot;section-stretched&quot;,&quot;background_background&quot;:&quot;classic&quot;}\">\n\t\t\t\t\t\t<div class=\"elementor-container elementor-column-gap-no\">\n\t\t\t\t\t<div class=\"elementor-column elementor-col-50 elementor-top-column elementor-element elementor-element-3c9ec578\" data-id=\"3c9ec578\" data-element_type=\"column\" data-e-type=\"column\">\n\t\t\t<div class=\"elementor-widget-wrap\">\n\t\t\t\t\t\t\t<\/div>\n\t\t<\/div>\n\t\t\t\t<div class=\"elementor-column elementor-col-50 elementor-top-column elementor-element elementor-element-4d849c45\" data-id=\"4d849c45\" data-element_type=\"column\" data-e-type=\"column\">\n\t\t\t<div class=\"elementor-widget-wrap\">\n\t\t\t\t\t\t\t<\/div>\n\t\t<\/div>\n\t\t\t\t\t<\/div>\n\t\t<\/section>\n\t\t\t\t<section class=\"elementor-section elementor-top-section elementor-element elementor-element-27075133 elementor-section-full_width elementor-section-stretched elementor-section-height-default elementor-section-height-default\" data-id=\"27075133\" data-element_type=\"section\" data-e-type=\"section\" data-settings=\"{&quot;stretch_section&quot;:&quot;section-stretched&quot;,&quot;background_background&quot;:&quot;classic&quot;,&quot;shape_divider_bottom&quot;:&quot;tilt&quot;}\">\n\t\t\t\t\t<div class=\"elementor-shape elementor-shape-bottom\" aria-hidden=\"true\" data-negative=\"false\">\n\t\t\t<svg xmlns=\"http:\/\/www.w3.org\/2000\/svg\" viewBox=\"0 0 1000 100\" preserveAspectRatio=\"none\">\n\t<path class=\"elementor-shape-fill\" d=\"M0,6V0h1000v100L0,6z\"\/>\n<\/svg>\t\t<\/div>\n\t\t\t\t\t<div class=\"elementor-container elementor-column-gap-no\">\n\t\t\t\t\t<div class=\"elementor-column elementor-col-100 elementor-top-column elementor-element elementor-element-439df4c4\" data-id=\"439df4c4\" data-element_type=\"column\" data-e-type=\"column\">\n\t\t\t<div class=\"elementor-widget-wrap\">\n\t\t\t\t\t\t\t<\/div>\n\t\t<\/div>\n\t\t\t\t\t<\/div>\n\t\t<\/section>\n\t\t\t\t<\/div>\n\t\t","protected":false},"excerpt":{"rendered":"<p>Oferim Taxacions Oficials de Societat de Taxaci\u00f3 homologada pel Banc d\u2019Espanya, amb finalitat valoraci\u00f3 de mercat, gratu\u00eftament si comercialitzem l\u00b4immoble en venda. Sense comercialisaci\u00f3 solicita informaci\u00f3 tradu\u00eft. Contacta\u2019ns omplint el seg\u00fcent formulari TAXACIONS OFICIALS PER 150\u20ac + IVA sense comercialitzaci\u00f3.<\/p>\n","protected":false},"author":1,"featured_media":0,"parent":0,"menu_order":0,"comment_status":"closed","ping_status":"closed","template":"","meta":{"footnotes":""},"class_list":["post-13559","page","type-page","status-publish","hentry"],"_links":{"self":[{"href":"https:\/\/renturia.com\/ca\/wp-json\/wp\/v2\/pages\/13559","targetHints":{"allow":["GET"]}}],"collection":[{"href":"https:\/\/renturia.com\/ca\/wp-json\/wp\/v2\/pages"}],"about":[{"href":"https:\/\/renturia.com\/ca\/wp-json\/wp\/v2\/types\/page"}],"author":[{"embeddable":true,"href":"https:\/\/renturia.com\/ca\/wp-json\/wp\/v2\/users\/1"}],"replies":[{"embeddable":true,"href":"https:\/\/renturia.com\/ca\/wp-json\/wp\/v2\/comments?post=13559"}],"version-history":[{"count":9,"href":"https:\/\/renturia.com\/ca\/wp-json\/wp\/v2\/pages\/13559\/revisions"}],"predecessor-version":[{"id":14019,"href":"https:\/\/renturia.com\/ca\/wp-json\/wp\/v2\/pages\/13559\/revisions\/14019"}],"wp:attachment":[{"href":"https:\/\/renturia.com\/ca\/wp-json\/wp\/v2\/media?parent=13559"}],"curies":[{"name":"wp","href":"https:\/\/api.w.org\/{rel}","templated":true}]}}